{"id":3832,"date":"2020-10-07T16:10:03","date_gmt":"2020-10-07T13:10:03","guid":{"rendered":"https:\/\/pew-pew.fi\/?page_id=3832"},"modified":"2021-07-29T14:27:37","modified_gmt":"2021-07-29T11:27:37","slug":"pelimuodot","status":"publish","type":"page","link":"https:\/\/pew-pew.fi\/en\/saannot\/pelimuodot\/","title":{"rendered":"Pelimuodot"},"content":{"rendered":"<p>T\u00e4lt\u00e4 sivulta voit tutustua Pew-pew.fi peleiss\u00e4 pelattaviin pelimuotoihin. Pelimuotoja saa k\u00e4ytt\u00e4\u00e4 halutessaan hy\u00f6dyksi muuallakin j\u00e4rjestett\u00e4viss\u00e4 airsoft-peleiss\u00e4!<\/p>\n<hr>\n<p>&nbsp;<\/p>\n<p><b>\u201cTDM medic\u201d<\/b><\/p>\n<p><span style=\"font-weight: 400;\">Perus TDM, ei respoja, mutta loputtomat medic healit. Vastustajia voi eliminoida pysyv\u00e4sti puukotuksella. 10-15min peliaika tai kunnes vastapuoli eliminoitu kokonaan.<\/span><\/p>\n<p>&nbsp;<\/p>\n<p><strong>&#8220;Salkun viritys&#8221;<\/strong><\/p>\n<p>Hy\u00f6kk\u00e4\u00e4v\u00e4 osapuoli pyrkii salkulle, viritt\u00e4m\u00e4\u00e4n sen koodilla. Puolustava osapuoli pyrkii est\u00e4m\u00e4\u00e4n t\u00e4m\u00e4n. Hy\u00f6kk\u00e4\u00e4jill\u00e4 7 min aikaa ja loputtomat respat. Puolustajilla yksi medic heal. Jos hy\u00f6kk\u00e4\u00e4j\u00e4t eiv\u00e4t onnistu, puolustajat voittaa. Jos salkku viritet\u00e4\u00e4n, osat vaihtuvat niin ett\u00e4 puolustajat saavat respata ja yritt\u00e4\u00e4 p\u00e4\u00e4st\u00e4 salkulle purkamaan sit\u00e4 3 min sis\u00e4ll\u00e4. Hy\u00f6kk\u00e4\u00e4jill\u00e4 yksi medic heal ja yritt\u00e4v\u00e4t est\u00e4\u00e4 salkun purkamisen.<\/p>\n<p>&nbsp;<\/p>\n<p><strong>&#8220;T\u00f6rm\u00e4yskurssi&#8221;<\/strong><\/p>\n<p>Molemmilla joukkueilla on pelialueella oman v\u00e4risens\u00e4 lippu. Lippu tulee noutaa ja kuljettaa ennalta m\u00e4\u00e4r\u00e4ttyyn pisteeseen voittaakseen. Vastustajan lippuun ei kosketa. Lippujen ja kohteiden paikat ovat niin ett\u00e4 joukkueiden tulee samalla pelata omaa hy\u00f6kk\u00e4yspeli\u00e4\u00e4n ett\u00e4 puolustaa vastustajan liikett\u00e4 vastaan = t\u00f6rm\u00e4yskurssi.<\/p>\n<p>&nbsp;<\/p>\n<p><strong>&#8220;Nigerian prinssin kulta&#8221;<\/strong><\/p>\n<p>Pelialueelta l\u00f6ytyy 1-3 eri sijainnista &#8220;kultaharkkoja&#8221;. Kultaa voi kuljettaa yhden harkon kerrallaan ja sit\u00e4 kantaessa ei voi k\u00e4ytt\u00e4\u00e4 asettaan. Asetta voi k\u00e4ytt\u00e4\u00e4 laskemalla kultaharkon maahan. Kultaharkkoja kuljetetaan omalle respa-alueelle. Kummalla enemm\u00e4n kultaharkkoja, voittaa.<\/p>\n<p>&nbsp;<\/p>\n<p><strong>&#8220;Lipunvaltaus&#8221;<\/strong><\/p>\n<p>Pelialueella on kolme lippupistett\u00e4, joissa punainen ja keltainen lippu alemmassa haassa. Oman joukkueen lippu tulee nostaa ylemp\u00e4\u00e4n hakaan. Jos vastustajan lippu on ylh\u00e4\u00e4ll\u00e4, se pit\u00e4\u00e4 ensin irroittaa ja kiinnitt\u00e4\u00e4 alempaan hakaan. Voittaja on se joukkue, jolla on hallussaan useampi lippu peliajan p\u00e4\u00e4ttyess\u00e4.<\/p>\n<p>&nbsp;<\/p>\n<p><b>\u201cLiiteri\u201d<\/b><\/p>\n<p><span style=\"font-weight: 400;\">M\u00f6kki merkit\u00e4\u00e4n vilkkuvaloilla tai lipuilla. Pelin tavoitteena saada X m\u00e4\u00e4r\u00e4&nbsp; pelaajia osoitettuun m\u00f6kkiin pelialueella. Pelaajien laskettava kovaan \u00e4\u00e4neen m\u00f6kiss\u00e4 ollessaan Y m\u00e4\u00e4r\u00e4\u00e4n sekuntteja. M\u00f6kiss\u00e4 oltava v\u00e4hint\u00e4\u00e4n X m\u00e4\u00e4r\u00e4 pelaajia koko laskennan aikana. Jos laskeminen keskeytyy mist\u00e4\u00e4n syyst\u00e4, on se aloitettava alusta. Respapeli.<\/span><\/p>\n<p>&nbsp;<\/p>\n<p><b>\u201cPilottipeli\u201d<\/b><\/p>\n<p><span style=\"font-weight: 400;\">(Suojaisassa) Paikassa X on pilotti (tai useampi kun paljon pelaajia), joka merkitty huomioliivill\u00e4 tms. Joukkueet yritt\u00e4v\u00e4t l\u00f6yt\u00e4\u00e4 pilotin ja saada h\u00e4neen osuman. Kun pilotti ottaa osuman, h\u00e4n on haavoittunut ja laskee 20. T\u00e4n\u00e4 aikana h\u00e4net voidaan ottaa hallintaan &#8211; muuten pilotti \u201cparanee\u201d ja voi jatkaa peli\u00e4 normaalisti. Jos pilotin saa hallintaan,h\u00e4net pit\u00e4\u00e4 kuljettaa omalle aloituspaikalle. Pilottia kuljetettaessa ei voi juosta ja pilotti t\u00e4ytyy pit\u00e4\u00e4 hallinnassa kiinni pit\u00e4m\u00e4ll\u00e4. Jos \u201csaattaja\u201d ammutaan, on pilotti uudelleen peliss\u00e4 mukana. Pilotti on vihamielinen molempia joukkueita kohtaan.&nbsp;<\/span><\/p>\n<p>&nbsp;<\/p>\n<p><b>\u201cKyl\u00e4n kingi\u201d&nbsp;<\/b><\/p>\n<p><span style=\"font-weight: 400;\">Kohde X jonne p\u00e4\u00e4sty\u00e4\u00e4 huudetaan oman joukkueen v\u00e4ri. Kaikki toistavat huudon. Se joukkue jolla on kohde hallussaan, ei respaa. Peliaika 10-15min. No winners or losers.&nbsp;<\/span><\/p>\n<p>&nbsp;<\/p>\n<p><b>\u201cShakkikello\u201d<\/b><\/p>\n<p><span style=\"font-weight: 400;\">Sama kuin edel\u00e4 kyl\u00e4n kingi, mutta k\u00e4ytet\u00e4\u00e4n kohteessa X shakkikelloa. Joukkue jolle kello raksuttaa enemm\u00e4n aikaa, on voittaja.<\/span><\/p>\n<p>&nbsp;<\/p>\n<p><b>\u201cOne in the chamber\u201d<\/b><\/p>\n<p><span style=\"font-weight: 400;\">Hyv\u00e4 cooldown peli loppuun hassutteluksi. Pelaajalla k\u00e4yt\u00f6ss\u00e4\u00e4n yksi kuula, jos osut, saat uuden kuulan. Jos ampuu ohi, voi en\u00e4\u00e4 vain puukottaa. Puukotuksesta saa 2 kuulaa. Respapeli. Py\u00f6rii niin kauan kuin kivaa, kaikki on voittajia.&nbsp;<\/span><\/p>\n<p>&nbsp;<\/p>\n<p><b>\u201cRush \/ Puolustustasa\u201d<\/b><\/p>\n<p><span style=\"font-weight: 400;\">Kolme hy\u00f6kk\u00e4ys\/puolustustasaa, jotka vaihtuvat sit\u00e4 mukaa kun edellinen kohde vallattu. Hy\u00f6kk\u00e4\u00e4jill\u00e4 respat, puolustajilla one hit out, jolloin siirtyv\u00e4t seuraavalle puolustustasalle. Peliaika 10-15 min riippuen pelipaikasta.<\/span><\/p>\n<p>&nbsp;<\/p>\n<p><b>\u201cLipunry\u00f6st\u00f6\u201d<\/b><\/p>\n<p><span style=\"font-weight: 400;\">Molemmilla aloituspaikoilla on lippu, joka vastapuolen pit\u00e4\u00e4 ry\u00f6st\u00e4\u00e4. Voittaja on se jolla omalla aloituspaikalla ensin molemmat liput. Ei respoja, mutta loputtomat medic healit.&nbsp;<\/span><\/p>\n<p>&nbsp;<\/p>\n<p><b>\u201cHy\u00f6kk\u00e4ys\/puolustus\u201d&nbsp;<\/b><\/p>\n<p><span style=\"font-weight: 400;\">Puolustajat puolustavat kyl\u00e4n aluetta, yhdest\u00e4 osumasta ulos. Hy\u00f6kk\u00e4\u00e4j\u00e4t yritt\u00e4v\u00e4t eliminoida kaikki puolustajat ja ottaa kyl\u00e4n haltuunsa. Hy\u00f6kk\u00e4\u00e4jill\u00e4 loputtomat respat. 10min peliaika, jos aika loppuu, puolustajat voittavat.&nbsp;<\/span><\/p>\n","protected":false},"excerpt":{"rendered":"<p>T\u00e4lt\u00e4 sivulta voit tutustua Pew-pew.fi peleiss\u00e4 pelattaviin pelimuotoihin. Pelimuotoja saa k\u00e4ytt\u00e4\u00e4 halutessaan hy\u00f6dyksi muuallakin j\u00e4rjestett\u00e4viss\u00e4 airsoft-peleiss\u00e4! &nbsp; \u201cTDM medic\u201d Perus<\/p>\n","protected":false},"author":1,"featured_media":0,"parent":95,"menu_order":0,"comment_status":"closed","ping_status":"closed","template":"","meta":{"ngg_post_thumbnail":0,"footnotes":"","_links_to":"","_links_to_target":""},"_links":{"self":[{"href":"https:\/\/pew-pew.fi\/en\/wp-json\/wp\/v2\/pages\/3832"}],"collection":[{"href":"https:\/\/pew-pew.fi\/en\/wp-json\/wp\/v2\/pages"}],"about":[{"href":"https:\/\/pew-pew.fi\/en\/wp-json\/wp\/v2\/types\/page"}],"author":[{"embeddable":true,"href":"https:\/\/pew-pew.fi\/en\/wp-json\/wp\/v2\/users\/1"}],"replies":[{"embeddable":true,"href":"https:\/\/pew-pew.fi\/en\/wp-json\/wp\/v2\/comments?post=3832"}],"version-history":[{"count":4,"href":"https:\/\/pew-pew.fi\/en\/wp-json\/wp\/v2\/pages\/3832\/revisions"}],"predecessor-version":[{"id":4385,"href":"https:\/\/pew-pew.fi\/en\/wp-json\/wp\/v2\/pages\/3832\/revisions\/4385"}],"up":[{"embeddable":true,"href":"https:\/\/pew-pew.fi\/en\/wp-json\/wp\/v2\/pages\/95"}],"wp:attachment":[{"href":"https:\/\/pew-pew.fi\/en\/wp-json\/wp\/v2\/media?parent=3832"}],"curies":[{"name":"wp","href":"https:\/\/api.w.org\/{rel}","templated":true}]}}