{"id":3828,"date":"2020-10-07T16:06:05","date_gmt":"2020-10-07T13:06:05","guid":{"rendered":"https:\/\/pew-pew.fi\/?page_id=3828"},"modified":"2020-10-07T16:06:05","modified_gmt":"2020-10-07T13:06:05","slug":"pelinvetajan-briiffiluntti-airsoft-peleihin","status":"publish","type":"page","link":"https:\/\/pew-pew.fi\/en\/saannot\/pelinvetajan-briiffiluntti-airsoft-peleihin\/","title":{"rendered":"Pelinvet\u00e4j\u00e4n briiffiluntti airsoft-peleihin"},"content":{"rendered":"<p>T\u00e4lt\u00e4 sivulta voit tutustua Pew-pew.fi peleiss\u00e4 k\u00e4ytett\u00e4v\u00e4\u00e4n alkubriiffiin. Oheiset asiat k\u00e4yd\u00e4\u00e4n l\u00e4pi aina ennen pelien alkua. Alkubriiffi\u00e4 saa k\u00e4ytt\u00e4\u00e4 halutessaan hy\u00f6dyksi muuallakin j\u00e4rjestett\u00e4viss\u00e4 airsoft-peleiss\u00e4!<\/p>\n<p><i><span style=\"font-weight: 400;\">Kursivoidulla tekstill\u00e4 on metaohjeistusta dokumentin lukijalle.<\/span><\/i><\/p>\n<hr>\n<p>&nbsp;<\/p>\n<ul>\n<li><b>Kuuntele ohjeet<\/b><\/li>\n<\/ul>\n<p><i><span style=\"font-weight: 400;\">Pid\u00e4 huoli, ett\u00e4 kaikki, my\u00f6s kokeneet ja aiemmin paikalla olleet pelaajat ovat mukana jokaisessa alkubriiffiss\u00e4. Painota t\u00e4t\u00e4 kaikille osallistujille ja painota, ett\u00e4 kaikki antavat toisille kuuntelurauhan, eik\u00e4 esim. v\u00e4lpp\u00e4\u00e4 varusteitaan tai aseitaan<\/span><\/i><\/p>\n<ul>\n<li><b>Pid\u00e4 hauskaa<\/b><\/li>\n<\/ul>\n<p><i><span style=\"font-weight: 400;\">Mahdollista hauskanpito, se on p\u00e4\u00e4asia, kunhan turvallisuus on kunnossa. Pyri v\u00e4ltt\u00e4m\u00e4\u00e4n oman pelinjohdollisen agendasi ajamista, jos se tulee hauskanpidon eteen<\/span><\/i><\/p>\n<ul>\n<li><b>\u00c4l\u00e4 roskaa<\/b><\/li>\n<\/ul>\n<p>&nbsp;<\/p>\n<p><b>Aseet \/ Turvallisuus<\/b><\/p>\n<ul>\n<li style=\"font-weight: 400;\"><span style=\"font-weight: 400;\">Kunnon suojalasit, my\u00f6s offarilla<\/span><\/li>\n<li style=\"font-weight: 400;\"><span style=\"font-weight: 400;\">Tehoraja 1.4J &#8211; Vain kertatuli <\/span><\/li>\n<li style=\"font-weight: 400;\"><span style=\"font-weight: 400;\">Ei minimum engaging distance (minimiet\u00e4isyytt\u00e4, jolta saa ampua) tai B\u00c4NG-s\u00e4\u00e4nt\u00f6\u00e4 (vain kuulaosumat lasketaan)<\/span><\/li>\n<li style=\"font-weight: 400;\"><span style=\"font-weight: 400;\">Sokkotuli kielletty (<\/span><i><span style=\"font-weight: 400;\">sokkotuleksi lasketaan, ett\u00e4 ei n\u00e4e mihin ampuu, koskee my\u00f6skin prefire\u00e4!)<\/span><\/i><\/li>\n<li style=\"font-weight: 400;\"><span style=\"font-weight: 400;\">Offarille tullessa Lipas irti -&gt; Tyhj\u00e4laukaus<\/span><\/li>\n<li style=\"font-weight: 400;\"><span style=\"font-weight: 400;\">Fyysinen koskemattomuus (<\/span><i><span style=\"font-weight: 400;\">t\u00e4m\u00e4 on l\u00e4ht\u00f6kohtana, evakuointi varusteista ja medic-s\u00e4\u00e4nn\u00f6t erillisen keskustelun mukaan)<\/span><\/i><\/li>\n<\/ul>\n<p><b><br \/>\n<\/b><b>Vaaratilanteet<\/b><\/p>\n<ul>\n<li style=\"font-weight: 400;\"><b>PELI SEIS!<\/b>\n<ul>\n<li style=\"font-weight: 400;\"><span style=\"font-weight: 400;\">Huudetaan, jos:<\/span>\n<ul>\n<li style=\"font-weight: 400;\"><span style=\"font-weight: 400;\">Joku on ilman&nbsp; suojalaseja<\/span><\/li>\n<li style=\"font-weight: 400;\"><span style=\"font-weight: 400;\">Peliin kuulumaton henkil\u00f6 \/ esine \/ asia pelialueella<\/span><\/li>\n<li style=\"font-weight: 400;\"><span style=\"font-weight: 400;\">Tapaturma<\/span><\/li>\n<li style=\"font-weight: 400;\"><span style=\"font-weight: 400;\">Muu onnettomuus, tulipalo<\/span><\/li>\n<\/ul>\n<\/li>\n<li style=\"font-weight: 400;\"><span style=\"font-weight: 400;\">Kaikki toistavat huudon ja odottavat<\/span><\/li>\n<li style=\"font-weight: 400;\"><span style=\"font-weight: 400;\">Pelinj\u00e4rjest\u00e4j\u00e4t hoitavat tilanteen loppuun asti, jatko vain pelinjohtajan luvalla.&nbsp;<\/span><\/li>\n<li style=\"font-weight: 400;\"><span style=\"font-weight: 400;\">Jos tapaturma autetaan potilasta, h\u00e4lytet\u00e4\u00e4n apua jos tarpeen (<\/span><i><span style=\"font-weight: 400;\">varustaudu pieniin ensiaputoimenpiteisiin omalla varustuksella, ja tied\u00e4 kuinka h\u00e4lytt\u00e4\u00e4 apua paikalle 112:sta jos h\u00e4t\u00e4 on suuri)<\/span><\/i><\/li>\n<li style=\"font-weight: 400;\"><span style=\"font-weight: 400;\">Ensiapulaukun sijainti (<\/span><i><span style=\"font-weight: 400;\">ilmoita alkubriiffiss\u00e4<\/span><\/i><span style=\"font-weight: 400;\">)<\/span><\/li>\n<\/ul>\n<\/li>\n<\/ul>\n<p><b><br \/>\n<\/b><b>Eliminoituminen<\/b><\/p>\n<ul>\n<li style=\"font-weight: 400;\"><span style=\"font-weight: 400;\">Osuma mihin tahansa lasketaan<\/span><\/li>\n<\/ul>\n<p><span style=\"font-weight: 400;\">\u2192 Huuda Osuma! + k\u00e4si yl\u00f6s<\/span><\/p>\n<p><span style=\"font-weight: 400;\">\u2192 Maahan makaamaan TAI k\u00e4vele k\u00e4si ylh\u00e4\u00e4ll\u00e4 &amp; <\/span><b>RAATOLIINA<\/b><\/p>\n<ul>\n<li style=\"font-weight: 400;\"><span style=\"font-weight: 400;\">Kuolleet ei puhu!<\/span><\/li>\n<li style=\"font-weight: 400;\"><span style=\"font-weight: 400;\">Selkeit\u00e4 kimmokkeita ei tarvitse ottaa, mutta ep\u00e4varmoissa tilanteissa kannattaa ottaa osumana<\/span><\/li>\n<li style=\"font-weight: 400;\"><span style=\"font-weight: 400;\">Aseosumat aiheuttaa aseen menemisen \u201ck\u00e4ytt\u00f6kelvottomaksi\u201d<\/span>\n<ul>\n<li style=\"font-weight: 400;\"><span style=\"font-weight: 400;\">Aloituspaikka\/respa korjaa k\u00e4ytt\u00f6kelvottomaksi menneen aseen<\/span><\/li>\n<li style=\"font-weight: 400;\"><span style=\"font-weight: 400;\">Vara-ase k\u00e4ytt\u00f6\u00f6n, ellei p\u00e4\u00e4se k\u00e4ym\u00e4\u00e4n respassa<\/span><\/li>\n<\/ul>\n<\/li>\n<li style=\"font-weight: 400;\"><span style=\"font-weight: 400;\">Puukotus kahdella k\u00e4dell\u00e4 (kevyt, mutta selke\u00e4 kosketus vastapelaajaan)<\/span>\n<ul>\n<li style=\"font-weight: 400;\"><span style=\"font-weight: 400;\">Ei piipulla, pehmoveitsell\u00e4 yms.<\/span><\/li>\n<\/ul>\n<\/li>\n<\/ul>\n<p><b><br \/>\n<\/b><b>Kranaatit<\/b><\/p>\n<ul>\n<li style=\"font-weight: 400;\"><span style=\"font-weight: 400;\">Kuulakranaatit ja pamahtavat sallittuja (<\/span><i><span style=\"font-weight: 400;\">huomioi mets\u00e4palovaroitukset ja muut palom\u00e4\u00e4r\u00e4ykset!)<\/span><\/i>\n<ul>\n<li style=\"font-weight: 400;\"><span style=\"font-weight: 400;\">Mik\u00e4li pamahtavista l\u00e4htee kova \u00e4\u00e4ni (ja ollaan esimerkiksi sis\u00e4tiloissa), huomiokaa kuulon suojaus!<\/span><\/li>\n<\/ul>\n<\/li>\n<li style=\"font-weight: 400;\"><span style=\"font-weight: 400;\">Pyrokranaatit (ja savut) kielletty!<\/span><\/li>\n<li style=\"font-weight: 400;\"><span style=\"font-weight: 400;\">Eliminoi ~3 metrin s\u00e4teell\u00e4 tai samassa huoneessa (<\/span><i><span style=\"font-weight: 400;\">pelaajien oma n\u00e4kemys, vaaditaan rehellisyytt\u00e4. Kaikkea ei aina taistelun tiimellyksess\u00e4 huomaa, joten t\u00e4st\u00e4 saattaa synty\u00e4 konflikteja pelaajien kesken. Kannattaa ottaa huomioon)<\/span><\/i><\/li>\n<li style=\"font-weight: 400;\"><span style=\"font-weight: 400;\">Heitto alakautta, rakennuksissa \u201ckatto\u201d (ei siis heittoja seinien yli, vaikka rakennuksessa ei fyysisesti kattoa olisikaan)<\/span><\/li>\n<\/ul>\n<p><b><br \/>\n<\/b><b>L\u00e4\u00e4kint\u00e4mies-s\u00e4\u00e4nt\u00f6<\/b><\/p>\n<ul>\n<li style=\"font-weight: 400;\"><span style=\"font-weight: 400;\">Haavoittunut ei seiso<\/span><\/li>\n<li style=\"font-weight: 400;\"><span style=\"font-weight: 400;\">Kaikki voivat l\u00e4\u00e4kit\u00e4 siirt\u00e4m\u00e4ll\u00e4 hihanauha hihasta toiseen<\/span><\/li>\n<li style=\"font-weight: 400;\"><span style=\"font-weight: 400;\">Haavoittuneen saa puukottaa, jolloin haavoittunut poistuu pelist\u00e4<\/span><\/li>\n<\/ul>\n<p>&nbsp;<\/p>\n<p><b>Muuta<\/b><\/p>\n<ul>\n<li style=\"font-weight: 400;\"><span style=\"font-weight: 400;\">P\u00e4\u00e4t\u00e4 pienemmist\u00e4 aukoista ei saa ampua<\/span><\/li>\n<li style=\"font-weight: 400;\"><span style=\"font-weight: 400;\">Vastuu = Omalla vastuulla, omat vakuutukset<\/span><\/li>\n<\/ul>\n","protected":false},"excerpt":{"rendered":"<p>T\u00e4lt\u00e4 sivulta voit tutustua Pew-pew.fi peleiss\u00e4 k\u00e4ytett\u00e4v\u00e4\u00e4n alkubriiffiin. Oheiset asiat k\u00e4yd\u00e4\u00e4n l\u00e4pi aina ennen pelien alkua. Alkubriiffi\u00e4 saa k\u00e4ytt\u00e4\u00e4 halutessaan<\/p>\n","protected":false},"author":1,"featured_media":0,"parent":95,"menu_order":0,"comment_status":"closed","ping_status":"closed","template":"","meta":{"ngg_post_thumbnail":0,"footnotes":"","_links_to":"","_links_to_target":""},"_links":{"self":[{"href":"https:\/\/pew-pew.fi\/en\/wp-json\/wp\/v2\/pages\/3828"}],"collection":[{"href":"https:\/\/pew-pew.fi\/en\/wp-json\/wp\/v2\/pages"}],"about":[{"href":"https:\/\/pew-pew.fi\/en\/wp-json\/wp\/v2\/types\/page"}],"author":[{"embeddable":true,"href":"https:\/\/pew-pew.fi\/en\/wp-json\/wp\/v2\/users\/1"}],"replies":[{"embeddable":true,"href":"https:\/\/pew-pew.fi\/en\/wp-json\/wp\/v2\/comments?post=3828"}],"version-history":[{"count":2,"href":"https:\/\/pew-pew.fi\/en\/wp-json\/wp\/v2\/pages\/3828\/revisions"}],"predecessor-version":[{"id":3830,"href":"https:\/\/pew-pew.fi\/en\/wp-json\/wp\/v2\/pages\/3828\/revisions\/3830"}],"up":[{"embeddable":true,"href":"https:\/\/pew-pew.fi\/en\/wp-json\/wp\/v2\/pages\/95"}],"wp:attachment":[{"href":"https:\/\/pew-pew.fi\/en\/wp-json\/wp\/v2\/media?parent=3828"}],"curies":[{"name":"wp","href":"https:\/\/api.w.org\/{rel}","templated":true}]}}